{"id":750,"date":"2025-06-28T22:01:42","date_gmt":"2025-06-28T20:01:42","guid":{"rendered":"https:\/\/lucas.mybox-berlin.de\/?page_id=750"},"modified":"2025-08-23T21:50:48","modified_gmt":"2025-08-23T19:50:48","slug":"agb","status":"publish","type":"page","link":"https:\/\/lucas.mybox-berlin.de\/en\/agb\/","title":{"rendered":"GTC"},"content":{"rendered":"<section class=\"bde-section-750-100 bde-section\">\n  \n  \n\t\n\n\n\n<div class=\"section-container\"><h1 class=\"bde-heading-750-102 bde-heading\">\nGTC\n<\/h1><div class=\"bde-rich-text-750-101 bde-rich-text breakdance-rich-text-styles\">\n<ol><li>Hiermit best\u00e4tige ich unwiderruflich, Herrn Lucas Scherpereel, Via Biagio Pace 22, 92021 Aragona (AG), Italien, mit einer Arbeit beauftragt zu haben und verpflichte mich \u00fcber den Inhalt der Arbeiten und aller damit in Zusammenhang stehenden Informationen absolutes Stillschweigen zu bewahren und diese Dritten nicht zug\u00e4nglich zu machen.<\/li><li>Des Weiteren verpflichte ich mich, mich innerhalb einer Woche nach meinem Besuch bei Herrn Lucas Scherpereel zu melden um Ver\u00e4nderungen und Entwicklungen mitzuteilen. Die R\u00fcckmeldung ist sehr wichtig und von mir genauestens einzuhalten. Im Falle eines Versto\u00dfes gegen diese AGB erkl\u00e4re ich mich damit einverstanden, dass alle Arbeiten im Rahmen meiner Beauftragung, ohne weitere Anspr\u00fcche meinerseits, insbesondere eine R\u00fcckzahlung des Honorars, sofort abgebrochen werden.<\/li><li>Dar\u00fcber hinaus werde ich mir ab sofort um den Arbeitsablauf nicht zu gef\u00e4hrden und um keine zus\u00e4tzlichen Fremd- und Negativenergien zu erzeugen, anderweitig nicht mehr beraten oder helfen lassen (Schamanen, Hellseher, Magier, Hexen, Pendler, Kartenleger, Licht- und Energiearbeiter und Astrolines).<\/li><li>Mir ist bekannt, dass die Gebete, Meditationen, Novenen und Rituale keinesfalls den Besuch eines Arztes und dessen diagnostische T\u00e4tigkeit und Behandlung ersetzen oder diesen gleichzustellen ist. Ebenso werde ich die von \u00c4rzten verschriebenen Medikamente nicht absetzen.<\/li><li>Mir ist ebenso bekannt, dass erst nach Zahlungseingang des gesamten Rechnungs-Betrages oder nach Absprache der Zahlungskonditionen mit der Arbeit angefangen werden kann.<\/li><li>Abgebrochene Auftr\u00e4ge, Rituale oder nicht wahrgenommene Meditationen werden nicht anteilsm\u00e4\u00dfig zur\u00fcckerstattet.<\/li><li>Zus\u00e4tzliche W\u00fcnsche werden gesondert in Rechnung gestellt und haben mit dem Erstauftrag nichts zu tun.<\/li><li>Des Weiteren verpflichte ich mich nach Abschluss der Meditationen oder spirituellen Arbeiten einen subjektiven Erlebnisbericht aus meiner Sicht zuzuleiten.<\/li><li>Es gilt die ausschlie\u00dfliche Verwendung italienischen Rechts.<\/li><li>Erf\u00fcllungsort und ausschlie\u00dflicher Gerichtsstand f\u00fcr beide Parteien ist Agrigento (AG).<\/li><\/ol><p>\u00a0<\/p><p>Stand 01.02.2023<\/p><p>\u00a0<\/p>\n<\/div><\/div>\n<\/section>","protected":false},"excerpt":{"rendered":"<p>AGB Hiermit best\u00e4tige ich unwiderruflich, Herrn Lucas Scherpereel, Via Biagio Pace 22, 92021 Aragona (AG), Italien, mit einer Arbeit beauftragt zu haben und verpflichte mich \u00fcber den Inhalt der Arbeiten und aller damit in Zusammenhang stehenden Informationen absolutes Stillschweigen zu bewahren und diese Dritten nicht zug\u00e4nglich zu machen.Des Weiteren verpflichte ich mich, mich innerhalb einer [&hellip;]<\/p>","protected":false},"author":1,"featured_media":0,"parent":0,"menu_order":26,"comment_status":"closed","ping_status":"closed","template":"","meta":{"_breakdance_hide_in_design_set":false,"_breakdance_tags":"","iawp_total_views":20,"_joinchat":[],"footnotes":""},"class_list":["post-750","page","type-page","status-publish","hentry"],"_links":{"self":[{"href":"https:\/\/lucas.mybox-berlin.de\/en\/wp-json\/wp\/v2\/pages\/750","targetHints":{"allow":["GET"]}}],"collection":[{"href":"https:\/\/lucas.mybox-berlin.de\/en\/wp-json\/wp\/v2\/pages"}],"about":[{"href":"https:\/\/lucas.mybox-berlin.de\/en\/wp-json\/wp\/v2\/types\/page"}],"author":[{"embeddable":true,"href":"https:\/\/lucas.mybox-berlin.de\/en\/wp-json\/wp\/v2\/users\/1"}],"replies":[{"embeddable":true,"href":"https:\/\/lucas.mybox-berlin.de\/en\/wp-json\/wp\/v2\/comments?post=750"}],"version-history":[{"count":6,"href":"https:\/\/lucas.mybox-berlin.de\/en\/wp-json\/wp\/v2\/pages\/750\/revisions"}],"predecessor-version":[{"id":805,"href":"https:\/\/lucas.mybox-berlin.de\/en\/wp-json\/wp\/v2\/pages\/750\/revisions\/805"}],"wp:attachment":[{"href":"https:\/\/lucas.mybox-berlin.de\/en\/wp-json\/wp\/v2\/media?parent=750"}],"curies":[{"name":"wp","href":"https:\/\/api.w.org\/{rel}","templated":true}]}}